{"id":10,"date":"2021-03-18T22:04:00","date_gmt":"2021-03-18T22:04:00","guid":{"rendered":"http:\/\/eljugueterodebladerunner.telekomor.com\/?page_id=10"},"modified":"2022-05-03T16:36:26","modified_gmt":"2022-05-03T16:36:26","slug":"acerca-de","status":"publish","type":"page","link":"https:\/\/eljugueterodebladerunner.telekomor.com\/","title":{"rendered":"Bienvenidos\/as"},"content":{"rendered":"\n<p>Proyectos l\u00fadicos basados en tecnolog\u00eda de hardware libre <a rel=\"noreferrer noopener\" href=\"https:\/\/es.wikipedia.org\/wiki\/Arduino\" target=\"_blank\">Arduino<\/a> y similar para entretener la Pandemia:<\/p>\n\n\n\n<figure class=\"wp-block-table aligncenter is-style-regular\"><table class=\"has-fixed-layout\"><tbody><tr><td class=\"has-text-align-center\" data-align=\"center\"><a href=\"https:\/\/eljugueterodebladerunner.telekomor.com\/?cat=5\"><strong>PROYECTO1:  EL ESPEJO MALDITO<\/strong> <br><br><\/a><a rel=\"noreferrer noopener\" href=\"https:\/\/eljugueterodebladerunner.telekomor.com\/?cat=5\" target=\"_blank\"><img decoding=\"async\" src=\"https:\/\/eljugueterodebladerunner.telekomor.com\/wp-content\/uploads\/2021\/04\/20210110_132701-768x1024.jpg\" alt=\"La imagen tiene un atributo ALT vac\u00edo; su nombre de archivo es 20210110_132701-768x1024.jpg\" style=\"width: px;\"><\/a><\/td><td class=\"has-text-align-center\" data-align=\"center\"><a href=\"https:\/\/eljugueterodebladerunner.telekomor.com\/?cat=6\"><strong>PROYECTO2: EL ESPEJO M\u00c1GICO<\/strong><br><br><\/a><a rel=\"noreferrer noopener\" href=\"https:\/\/eljugueterodebladerunner.telekomor.com\/?p=89\" target=\"_blank\"><img decoding=\"async\" src=\"https:\/\/eljugueterodebladerunner.telekomor.com\/wp-content\/uploads\/2021\/04\/ESPEJOMAGICO.jpg\" alt=\"La imagen tiene un atributo ALT vac\u00edo; su nombre de archivo es ESPEJOMAGICO.jpg\" style=\"width: 600px;\"><\/a><\/td><td class=\"has-text-align-center\" data-align=\"center\"><a href=\"https:\/\/eljugueterodebladerunner.telekomor.com\/?cat=4\" target=\"_blank\" rel=\"noreferrer noopener\"><strong>PROYECTO3: TELEKING,  EL POLLO AUTOMATEM\u00c1TICO<\/strong><br><br><img decoding=\"async\" src=\"https:\/\/eljugueterodebladerunner.telekomor.com\/wp-content\/uploads\/2021\/04\/teleking3peq-768x1024.jpg\" alt=\"La imagen tiene un atributo ALT vac\u00edo; su nombre de archivo es teleking3peq-768x1024.jpg\" style=\"width: px;\"><\/a><\/td><\/tr><tr><td class=\"has-text-align-center\" data-align=\"center\"><a href=\"https:\/\/eljugueterodebladerunner.telekomor.com\/?cat=10\" data-type=\"URL\" data-id=\"https:\/\/eljugueterodebladerunner.telekomor.com\/?cat=10\" target=\"_blank\" rel=\"noreferrer noopener\"><strong>PROYECTO4: LA CUEVA DE BATMAN<\/strong><br><\/a><br><a rel=\"noreferrer noopener\" href=\"https:\/\/eljugueterodebladerunner.telekomor.com\/?cat=10\" data-type=\"URL\" data-id=\"https:\/\/eljugueterodebladerunner.telekomor.com\/?cat=10\" target=\"_blank\"><img loading=\"lazy\" decoding=\"async\" width=\"180\" height=\"314\" class=\"wp-image-373\" style=\"width: 180px;\" src=\"https:\/\/eljugueterodebladerunner.telekomor.com\/wp-content\/uploads\/2021\/10\/urna7.jpg\" alt=\"\" srcset=\"https:\/\/eljugueterodebladerunner.telekomor.com\/wp-content\/uploads\/2021\/10\/urna7.jpg 331w, https:\/\/eljugueterodebladerunner.telekomor.com\/wp-content\/uploads\/2021\/10\/urna7-172x300.jpg 172w\" sizes=\"(max-width: 180px) 100vw, 180px\" \/><\/a><br><br><\/td><td class=\"has-text-align-center\" data-align=\"center\"><a href=\"https:\/\/eljugueterodebladerunner.telekomor.com\/?cat=7\" target=\"_blank\" rel=\"noreferrer noopener\"><strong>PROYECTO6: R2-D2 ASPIRADOR<\/strong><\/a><br><br><a rel=\"noreferrer noopener\" href=\"https:\/\/eljugueterodebladerunner.telekomor.com\/?p=214\" target=\"_blank\"><img decoding=\"async\" src=\"https:\/\/eljugueterodebladerunner.telekomor.com\/wp-content\/uploads\/2021\/06\/R2D2_espejo1.jpg\" alt=\"\"><\/a><a href=\"https:\/\/eljugueterodebladerunner.telekomor.com\/?p=247\"><br><\/a><\/td><td class=\"has-text-align-center\" data-align=\"center\"><a href=\"https:\/\/eljugueterodebladerunner.telekomor.com\/?p=247\"><strong>PROYECTO8: LA MAZMORRA DE IGOR<\/strong><\/a><br><br><a rel=\"noreferrer noopener\" href=\"https:\/\/eljugueterodebladerunner.telekomor.com\/?p=247\" target=\"_blank\"><img decoding=\"async\" src=\"https:\/\/eljugueterodebladerunner.telekomor.com\/wp-content\/uploads\/2021\/06\/ventanuco3.jpg\" alt=\"\"><\/a><\/td><\/tr><tr><td class=\"has-text-align-center\" data-align=\"center\"><a href=\"https:\/\/eljugueterodebladerunner.telekomor.com\/?cat=12\"><strong>PROYECTO12: SKYNET WAR<\/strong><br><\/a><a rel=\"noreferrer noopener\" href=\"https:\/\/eljugueterodebladerunner.telekomor.com\/?cat=12\" data-type=\"URL\" data-id=\"https:\/\/eljugueterodebladerunner.telekomor.com\/?cat=12\" target=\"_blank\"><img decoding=\"async\" src=\"https:\/\/eljugueterodebladerunner.telekomor.com\/wp-content\/uploads\/2022\/04\/p12-terminator-war-654x1024.jpg\" alt=\"La imagen tiene un atributo ALT vac\u00edo; su nombre de archivo es p12-terminator-war-654x1024.jpg\"><\/a><\/td><td class=\"has-text-align-center\" data-align=\"center\"><\/td><td class=\"has-text-align-center\" data-align=\"center\"><\/td><\/tr><\/tbody><\/table><\/figure>\n\n\n\n<p><\/p>\n","protected":false},"excerpt":{"rendered":"<p>Proyectos l\u00fadicos basados en tecnolog\u00eda de hardware libre Arduino y similar para entretener la Pandemia: PROYECTO1: EL ESPEJO MALDITO PROYECTO2: EL ESPEJO M\u00c1GICO PROYECTO3: TELEKING, EL POLLO AUTOMATEM\u00c1TICO PROYECTO4: LA CUEVA DE BATMAN PROYECTO6: R2-D2 ASPIRADOR PROYECTO8: LA MAZMORRA DE IGOR PROYECTO12: SKYNET WAR<\/p>\n","protected":false},"author":1,"featured_media":0,"parent":0,"menu_order":0,"comment_status":"closed","ping_status":"closed","template":"","meta":{"footnotes":""},"class_list":["post-10","page","type-page","status-publish","hentry"],"_links":{"self":[{"href":"https:\/\/eljugueterodebladerunner.telekomor.com\/index.php?rest_route=\/wp\/v2\/pages\/10"}],"collection":[{"href":"https:\/\/eljugueterodebladerunner.telekomor.com\/index.php?rest_route=\/wp\/v2\/pages"}],"about":[{"href":"https:\/\/eljugueterodebladerunner.telekomor.com\/index.php?rest_route=\/wp\/v2\/types\/page"}],"author":[{"embeddable":true,"href":"https:\/\/eljugueterodebladerunner.telekomor.com\/index.php?rest_route=\/wp\/v2\/users\/1"}],"replies":[{"embeddable":true,"href":"https:\/\/eljugueterodebladerunner.telekomor.com\/index.php?rest_route=%2Fwp%2Fv2%2Fcomments&post=10"}],"version-history":[{"count":36,"href":"https:\/\/eljugueterodebladerunner.telekomor.com\/index.php?rest_route=\/wp\/v2\/pages\/10\/revisions"}],"predecessor-version":[{"id":491,"href":"https:\/\/eljugueterodebladerunner.telekomor.com\/index.php?rest_route=\/wp\/v2\/pages\/10\/revisions\/491"}],"wp:attachment":[{"href":"https:\/\/eljugueterodebladerunner.telekomor.com\/index.php?rest_route=%2Fwp%2Fv2%2Fmedia&parent=10"}],"curies":[{"name":"wp","href":"https:\/\/api.w.org\/{rel}","templated":true}]}}