{"id":11,"date":"2021-04-07T14:36:32","date_gmt":"2021-04-07T14:36:32","guid":{"rendered":"http:\/\/eljugueterodebladerunner.telekomor.com\/?page_id=11"},"modified":"2021-04-07T14:36:32","modified_gmt":"2021-04-07T14:36:32","slug":"contacto","status":"publish","type":"page","link":"https:\/\/eljugueterodebladerunner.telekomor.com\/?page_id=11","title":{"rendered":"Contacto"},"content":{"rendered":"\n<p>Esta es una p\u00e1gina con informaci\u00f3n de contacto b\u00e1sica, como la direcci\u00f3n y el n\u00famero de tel\u00e9fono. Incluso puedes probar un plugin para a\u00f1adir un formulario de contacto.<\/p>\n","protected":false},"excerpt":{"rendered":"<p>Esta es una p\u00e1gina con informaci\u00f3n de contacto b\u00e1sica, como la direcci\u00f3n y el n\u00famero de tel\u00e9fono. Incluso puedes probar un plugin para a\u00f1adir un formulario de contacto.<\/p>\n","protected":false},"author":1,"featured_media":0,"parent":0,"menu_order":0,"comment_status":"closed","ping_status":"closed","template":"","meta":{"footnotes":""},"class_list":["post-11","page","type-page","status-publish","hentry"],"_links":{"self":[{"href":"https:\/\/eljugueterodebladerunner.telekomor.com\/index.php?rest_route=\/wp\/v2\/pages\/11"}],"collection":[{"href":"https:\/\/eljugueterodebladerunner.telekomor.com\/index.php?rest_route=\/wp\/v2\/pages"}],"about":[{"href":"https:\/\/eljugueterodebladerunner.telekomor.com\/index.php?rest_route=\/wp\/v2\/types\/page"}],"author":[{"embeddable":true,"href":"https:\/\/eljugueterodebladerunner.telekomor.com\/index.php?rest_route=\/wp\/v2\/users\/1"}],"replies":[{"embeddable":true,"href":"https:\/\/eljugueterodebladerunner.telekomor.com\/index.php?rest_route=%2Fwp%2Fv2%2Fcomments&post=11"}],"version-history":[{"count":2,"href":"https:\/\/eljugueterodebladerunner.telekomor.com\/index.php?rest_route=\/wp\/v2\/pages\/11\/revisions"}],"predecessor-version":[{"id":114,"href":"https:\/\/eljugueterodebladerunner.telekomor.com\/index.php?rest_route=\/wp\/v2\/pages\/11\/revisions\/114"}],"wp:attachment":[{"href":"https:\/\/eljugueterodebladerunner.telekomor.com\/index.php?rest_route=%2Fwp%2Fv2%2Fmedia&parent=11"}],"curies":[{"name":"wp","href":"https:\/\/api.w.org\/{rel}","templated":true}]}}